{"id":3309,"date":"2023-09-18T09:21:03","date_gmt":"2023-09-18T07:21:03","guid":{"rendered":"https:\/\/alphapersonal.cz\/%d0%ba%d0%be%d0%bd%d1%82%d0%b0%d0%ba%d1%82%d0%bd%d1%8b%d0%b5-%d0%b4%d0%b0%d0%bd%d0%bd%d1%8b%d0%b5\/"},"modified":"2025-09-11T19:19:37","modified_gmt":"2025-09-11T17:19:37","slug":"%d0%ba%d0%be%d0%bd%d1%82%d0%b0%d0%ba%d1%82%d0%bd%d1%8b%d0%b5-%d0%b4%d0%b0%d0%bd%d0%bd%d1%8b%d0%b5","status":"publish","type":"page","link":"https:\/\/alphapersonal.cz\/ru\/%d0%ba%d0%be%d0%bd%d1%82%d0%b0%d0%ba%d1%82%d0%bd%d1%8b%d0%b5-%d0%b4%d0%b0%d0%bd%d0%bd%d1%8b%d0%b5\/","title":{"rendered":"\u041a\u041e\u041d\u0422\u0410\u041a\u0422\u041d\u042b\u0415 \u0414\u0410\u041d\u041d\u042b\u0415"},"content":{"rendered":"<h1>\u041a\u041e\u041d\u0422\u0410\u041a\u0422\u041d\u042b\u0415 \u0414\u0410\u041d\u041d\u042b\u0415<\/h1>\n<p>\u0418\u0449\u0435\u0442\u0435 \u0440\u0430\u0431\u043e\u0442\u0443 \u0438\u043b\u0438 \u0441\u043e\u0442\u0440\u0443\u0434\u043d\u0438\u043a\u0430? \u0421\u0432\u044f\u0436\u0438\u0442\u0435\u0441\u044c \u0441 \u043d\u0430\u043c\u0438 \u0421\u0432\u044f\u0436\u0438\u0442\u0435\u0441\u044c \u0441 \u043d\u0430\u043c\u0438<\/p>\n<h2>\u0420\u0443\u043a\u043e\u0432\u043e\u0434\u0441\u0442\u0432\u043e \u043a\u043e\u043c\u043f\u0430\u043d\u0438\u0438<\/h2>\n<p><strong>Alpha Personal s.r.o.<\/strong><br \/>T\u011b\u0161\u00ednsk\u00e1 2672\/42, 746&nbsp;01 Opava<\/p>\n<p><strong>I\u010c:<\/strong> 09970657<br \/> DI\u010c<strong>:<\/strong> CZ09970657<\/p>\n<p><strong>\u0422\u0435\u043b:<\/strong> <a href=\"tel:00420604514282\">(+420) 604&nbsp;514&nbsp;282<\/a><br \/><strong>E-mail:<\/strong> <a href=\"mailto:info@alphapersonal.cz\">info@alphapersonal.cz<\/a><\/p>\n<h2>\u0418\u0449\u0443 \u0440\u0430\u0431\u043e\u0442\u0443<\/h2>\n<p><strong>\u0422\u0435\u043b:<\/strong> <a href=\"tel:+420 734 211 224\">(+420) <\/a>734&nbsp;211&nbsp;224<br \/><strong>E-mail:<\/strong> <a href=\"mailto:nabor@alphapersonal.cz\">nabor@alphapersonal.cz<\/a><\/p>\n<h2>\u0418\u0429\u0423 \u0420\u0410\u0411\u041e\u0422\u041d\u0418\u041a\u041e\u0412<\/h2>\n<p><strong style=\"text-align: var(--text-align); background-color: var( --e-global-color-accent ); color: var( --e-global-color-text ); font-family: var( --e-global-typography-text-font-family ), Sans-serif; font-size: var( --e-global-typography-text-font-size );\">\u0422\u0435\u043b:<\/strong> <a style=\"text-align: var(--text-align); font-family: var( --e-global-typography-text-font-family ), Sans-serif; font-size: var( --e-global-typography-text-font-size ); font-weight: var( --e-global-typography-text-font-weight );\" href=\"tel:00420604514282\">(+420) <\/a><a style=\"background-color: #ffffff; color: #64aae1; font-family: 'Noto Serif', sans-serif; font-size: 16px; font-weight: 400; line-height: var( --e-global-typography-text-line-height );\" href=\"tel:00420604514282\">604&nbsp;514&nbsp;282<\/a><br \/><strong>E-mail:<\/strong> <a href=\"mailto:office@alphapersonal.cz\">office@alphapersonal.cz<\/a><\/p>\n<h2>\u0413\u0434\u0435 \u043d\u0430\u0441 \u043d\u0430\u0439\u0442\u0438<\/h2>\n<p>\t\t\t\t\t<iframe src=\"https:\/\/www.google.com\/maps\/embed?pb=!1m18!1m12!1m3!1d95169.94481212324!2d17.843622249626577!3d49.93225576638644!2m3!1f0!2f0!3f0!3m2!1i1024!2i768!4f13.1!3m3!1m2!1s0x4713d86646ebd973%3A0x95462816849ed761!2zVMSbxaHDrW5za8OhIDI2NzIvNDIsIFDFmWVkbcSbc3TDrSwgNzQ2IDAxIE9wYXZh!5e0!3m2!1scs!2scz!4v1695033354983!5m2!1scs!2scz\" width=\"100%\" height=\"300px\" style=\"border:0;\" allowfullscreen=\"\" loading=\"lazy\" referrerpolicy=\"no-referrer-when-downgrade\"><\/iframe>\t\t\t\t<\/p>\n<h2>\u0421\u0432\u044f\u0436\u0438\u0442\u0435\u0441\u044c \u0441 \u043d\u0430\u043c\u0438<\/h2>\n<p>\u0412\u0430\u0448\u0430 \u043b\u0438\u0447\u043d\u0430\u044f \u0438\u043d\u0444\u043e\u0440\u043c\u0430\u0446\u0438\u044f (\u0438\u043c\u044f, e-mail) \u0431\u0443\u0434\u0435\u0442 \u0438\u0441\u043f\u043e\u043b\u044c\u0437\u043e\u0432\u0430\u043d\u0430 \u0442\u043e\u043b\u044c\u043a\u043e \u0434\u043b\u044f \u043f\u0443\u0431\u043b\u0438\u043a\u0430\u0446\u0438\u0438 \u0432\u0430\u0448\u0435\u0433\u043e \u043a\u043e\u043c\u043c\u0435\u043d\u0442\u0430\u0440\u0438\u044f. <a href=\"https:\/\/alphapersonal.cz\/ru\/%d0%bf%d0%be%d0%bb%d0%b8%d1%82%d0%b8%d0%ba%d0%b0-%d0%be%d0%b1%d1%80%d0%b0%d0%b1%d0%be%d1%82%d0%ba%d0%b8-%d0%bf%d0%b5%d1%80%d1%81%d0%be%d0%bd%d0%b0%d0%bb%d1%8c%d0%bd%d1%8b%d1%85-%d0%b4%d0%b0%d0%bd\/\" target=\"_blank\" rel=\"noopener\">\u041f\u043e\u043b\u0438\u0442\u0438\u043a\u0430 \u043e\u0431\u0440\u0430\u0431\u043e\u0442\u043a\u0438 \u043f\u0435\u0440\u0441\u043e\u043d\u0430\u043b\u044c\u043d\u044b\u0445 \u0434\u0430\u043d\u043d\u044b\u0445.<\/a><\/p>\n","protected":false},"excerpt":{"rendered":"<p>\u041a\u041e\u041d\u0422\u0410\u041a\u0422\u041d\u042b\u0415 \u0414\u0410\u041d\u041d\u042b\u0415 \u0418\u0449\u0435\u0442\u0435 \u0440\u0430\u0431\u043e\u0442\u0443 \u0438\u043b\u0438 \u0441\u043e\u0442\u0440\u0443\u0434\u043d\u0438\u043a\u0430? \u0421\u0432\u044f\u0436\u0438\u0442\u0435\u0441\u044c \u0441 \u043d\u0430\u043c\u0438 \u0421\u0432\u044f\u0436\u0438\u0442\u0435\u0441\u044c \u0441 \u043d\u0430\u043c\u0438 \u0420\u0443\u043a\u043e\u0432\u043e\u0434\u0441\u0442\u0432\u043e \u043a\u043e\u043c\u043f\u0430\u043d\u0438\u0438 Alpha Personal s.r.o.T\u011b\u0161\u00ednsk\u00e1 2672\/42, 746&nbsp;01 Opava I\u010c: 09970657 DI\u010c: CZ09970657 \u0422\u0435\u043b: (+420) 604&nbsp;514&nbsp;282E-mail: info@alphapersonal.cz \u0418\u0449\u0443 \u0440\u0430\u0431\u043e\u0442\u0443 \u0422\u0435\u043b: (+420) 734&nbsp;211&nbsp;224E-mail: nabor@alphapersonal.cz \u0418\u0429\u0423 \u0420\u0410\u0411\u041e\u0422\u041d\u0418\u041a\u041e\u0412 \u0422\u0435\u043b: (+420) 604&nbsp;514&nbsp;282E-mail: office@alphapersonal.cz \u0413\u0434\u0435 \u043d\u0430\u0441 \u043d\u0430\u0439\u0442\u0438 \u0421\u0432\u044f\u0436\u0438\u0442\u0435\u0441\u044c \u0441 \u043d\u0430\u043c\u0438 \u0412\u0430\u0448\u0430 \u043b\u0438\u0447\u043d\u0430\u044f \u0438\u043d\u0444\u043e\u0440\u043c\u0430\u0446\u0438\u044f (\u0438\u043c\u044f, e-mail) \u0431\u0443\u0434\u0435\u0442 \u0438\u0441\u043f\u043e\u043b\u044c\u0437\u043e\u0432\u0430\u043d\u0430 \u0442\u043e\u043b\u044c\u043a\u043e \u0434\u043b\u044f [&hellip;]<\/p>\n","protected":false},"author":4,"featured_media":0,"parent":0,"menu_order":0,"comment_status":"closed","ping_status":"closed","template":"","meta":{"footnotes":""},"class_list":["post-3309","page","type-page","status-publish","hentry"],"_links":{"self":[{"href":"https:\/\/alphapersonal.cz\/ru\/wp-json\/wp\/v2\/pages\/3309","targetHints":{"allow":["GET"]}}],"collection":[{"href":"https:\/\/alphapersonal.cz\/ru\/wp-json\/wp\/v2\/pages"}],"about":[{"href":"https:\/\/alphapersonal.cz\/ru\/wp-json\/wp\/v2\/types\/page"}],"author":[{"embeddable":true,"href":"https:\/\/alphapersonal.cz\/ru\/wp-json\/wp\/v2\/users\/4"}],"replies":[{"embeddable":true,"href":"https:\/\/alphapersonal.cz\/ru\/wp-json\/wp\/v2\/comments?post=3309"}],"version-history":[{"count":1,"href":"https:\/\/alphapersonal.cz\/ru\/wp-json\/wp\/v2\/pages\/3309\/revisions"}],"predecessor-version":[{"id":3852,"href":"https:\/\/alphapersonal.cz\/ru\/wp-json\/wp\/v2\/pages\/3309\/revisions\/3852"}],"wp:attachment":[{"href":"https:\/\/alphapersonal.cz\/ru\/wp-json\/wp\/v2\/media?parent=3309"}],"curies":[{"name":"wp","href":"https:\/\/api.w.org\/{rel}","templated":true}]}}