{"id":3216,"date":"2023-09-18T09:20:03","date_gmt":"2023-09-18T07:20:03","guid":{"rendered":"https:\/\/alphapersonal.cz\/%d0%bf%d1%80%d0%be-%d0%bd%d0%b0%d1%81\/"},"modified":"2023-10-27T00:22:01","modified_gmt":"2023-10-26T22:22:01","slug":"%d0%bf%d1%80%d0%be-%d0%bd%d0%b0%d1%81","status":"publish","type":"page","link":"https:\/\/alphapersonal.cz\/uk\/%d0%bf%d1%80%d0%be-%d0%bd%d0%b0%d1%81\/","title":{"rendered":"\u041f\u0440\u043e \u043d\u0430\u0441"},"content":{"rendered":"<div data-elementor-type=\"wp-page\" data-elementor-id=\"3216\" class=\"elementor elementor-3216 elementor-2650\" data-elementor-post-type=\"page\">\n\t\t\t\t<div class=\"elementor-element elementor-element-27ad8cdf e-flex e-con-boxed e-con e-parent\" data-id=\"27ad8cdf\" data-element_type=\"container\" data-e-type=\"container\" data-settings=\"{&quot;jet_parallax_layout_list&quot;:[],&quot;background_background&quot;:&quot;classic&quot;}\">\n\t\t\t\t\t<div class=\"e-con-inner\">\n\t\t\t\t<div class=\"elementor-element elementor-element-45d86061 elementor-widget__width-initial elementor-widget elementor-widget-heading\" data-id=\"45d86061\" data-element_type=\"widget\" data-e-type=\"widget\" data-widget_type=\"heading.default\">\n\t\t\t\t<div class=\"elementor-widget-container\">\n\t\t\t\t\t<h1 class=\"elementor-heading-title elementor-size-default\">\u041f\u0420\u041e \u041d\u0410\u0421<\/h1>\t\t\t\t<\/div>\n\t\t\t\t<\/div>\n\t\t\t\t<div class=\"elementor-element elementor-element-64ffc52e elementor-widget__width-initial elementor-widget elementor-widget-text-editor\" data-id=\"64ffc52e\" data-element_type=\"widget\" data-e-type=\"widget\" data-widget_type=\"text-editor.default\">\n\t\t\t\t<div class=\"elementor-widget-container\">\n\t\t\t\t\t<p>\u0425\u0442\u043e \u0441\u0442\u043e\u0457\u0442\u044c \u0437\u0430 \u043a\u043e\u043c\u043f\u0430\u043d\u0456\u0454\u044e ALPHA Personal<\/p>\t\t\t\t<\/div>\n\t\t\t\t<\/div>\n\t\t\t\t\t<\/div>\n\t\t\t\t<\/div>\n\t\t<div class=\"elementor-element elementor-element-b8029a8 e-flex e-con-boxed e-con e-parent\" data-id=\"b8029a8\" data-element_type=\"container\" data-e-type=\"container\" data-settings=\"{&quot;jet_parallax_layout_list&quot;:[],&quot;background_background&quot;:&quot;classic&quot;}\">\n\t\t\t\t\t<div class=\"e-con-inner\">\n\t\t<div class=\"elementor-element elementor-element-3a9d5fa e-flex e-con-boxed e-con e-child\" data-id=\"3a9d5fa\" data-element_type=\"container\" data-e-type=\"container\" data-settings=\"{&quot;jet_parallax_layout_list&quot;:[]}\">\n\t\t\t\t\t<div class=\"e-con-inner\">\n\t\t\t\t<div class=\"elementor-element elementor-element-bd20344 elementor-widget elementor-widget-text-editor\" data-id=\"bd20344\" data-element_type=\"widget\" data-e-type=\"widget\" data-widget_type=\"text-editor.default\">\n\t\t\t\t<div class=\"elementor-widget-container\">\n\t\t\t\t\t<p><b>\u041b\u0430\u0441\u043a\u0430\u0432\u043e \u043f\u0440\u043e\u0441\u0438\u043c\u043e \u0434\u043e \u043c\u043e\u043b\u043e\u0434\u043e\u0457 \u0442\u0430 \u0434\u0438\u043d\u0430\u043c\u0456\u0447\u043d\u043e\u0457 \u0430\u0433\u0435\u043d\u0446\u0456\u0457 \u0437 \u043f\u0440\u0430\u0446\u0435\u0432\u043b\u0430\u0448\u0442\u0443\u0432\u0430\u043d\u043d\u044f ALPHA Personal!<\/b><\/p>\n<p>\u041c\u0438 \u043f\u0440\u0438\u0441\u0442\u0440\u0430\u0441\u043d\u043e \u0442\u0430 \u0435\u043d\u0435\u0440\u0433\u0456\u0439\u043d\u043e \u043f\u0440\u0430\u0446\u044e\u0454\u043c\u043e \u043d\u0430\u0434 \u0442\u0438\u043c, \u0449\u043e\u0431 \u043e\u0431&#8217;\u0454\u0434\u043d\u0430\u0442\u0438 \u0440\u043e\u0431\u043e\u0442\u043e\u0434\u0430\u0432\u0446\u0456\u0432 \u0437 \u043d\u0430\u0439\u043a\u0440\u0430\u0449\u0438\u043c\u0438 \u043f\u0440\u0430\u0446\u0456\u0432\u043d\u0438\u043a\u0430\u043c\u0438.<\/p>\n<p>\u041d\u0430\u0448\u0438\u043c \u043f\u0440\u0456\u043e\u0440\u0438\u0442\u0435\u0442\u043e\u043c \u0454 \u043f\u043e\u0432\u043d\u0435 \u0440\u043e\u0437\u0443\u043c\u0456\u043d\u043d\u044f \u043f\u043e\u0442\u0440\u0435\u0431 \u044f\u043a \u043a\u043b\u0456\u0454\u043d\u0442\u0456\u0432, \u0442\u0430\u043a \u0456 \u043f\u0440\u0430\u0446\u0456\u0432\u043d\u0438\u043a\u0456\u0432, \u0449\u043e\u0431 \u0437\u0430\u0431\u0435\u0437\u043f\u0435\u0447\u0438\u0442\u0438 \u0432\u0456\u0434\u043c\u0456\u043d\u043d\u0456 \u0443\u043c\u043e\u0432\u0438 \u043f\u0440\u0430\u0446\u0456 \u0442\u0430 \u043f\u0440\u043e\u0434\u0443\u043a\u0442\u0438\u0432\u043d\u0456\u0441\u0442\u044c \u0434\u043b\u044f \u043e\u0431\u043e\u0445 \u0441\u0442\u043e\u0440\u0456\u043d.<\/p>\n<p>\u041c\u0438 \u043f\u0440\u0430\u0446\u044e\u0454\u043c\u043e \u0437 \u0456\u043d\u043d\u043e\u0432\u0430\u0446\u0456\u0439\u043d\u0438\u043c \u0442\u0430 \u0433\u043d\u0443\u0447\u043a\u0438\u043c \u043f\u0456\u0434\u0445\u043e\u0434\u043e\u043c \u0434\u043e \u043f\u0456\u0434\u0431\u043e\u0440\u0443 \u043f\u0435\u0440\u0441\u043e\u043d\u0430\u043b\u0443 \u0442\u0430 \u043a\u0430\u0434\u0440\u043e\u0432\u043e\u0433\u043e \u043a\u043e\u043d\u0441\u0430\u043b\u0442\u0438\u043d\u0433\u0443, \u044f\u043a\u0438\u0439 \u0432\u0456\u0434\u043e\u0431\u0440\u0430\u0436\u0430\u0454 \u0434\u0438\u043d\u0430\u043c\u0456\u043a\u0443 \u0441\u0443\u0447\u0430\u0441\u043d\u043e\u0433\u043e \u0440\u043e\u0431\u043e\u0447\u043e\u0433\u043e \u0441\u0432\u0456\u0442\u0443.<\/p>\n<p>\u0412\u0430\u0448\u0435 \u0437\u0430\u0434\u043e\u0432\u043e\u043b\u0435\u043d\u043d\u044f \u2013 \u0446\u0435 \u0440\u0443\u0448\u0456\u0439\u043d\u0430 \u0441\u0438\u043b\u0430 \u0434\u043b\u044f \u0434\u043e\u0441\u044f\u0433\u043d\u0435\u043d\u043d\u044f \u043d\u0430\u043c\u0438 \u0441\u043f\u0456\u043b\u044c\u043d\u043e\u0433\u043e \u0443\u0441\u043f\u0456\u0445\u0443.<\/p>\t\t\t\t<\/div>\n\t\t\t\t<\/div>\n\t\t\t\t<div class=\"elementor-element elementor-element-77307e3 elementor-mobile-align-center elementor-widget elementor-widget-button\" data-id=\"77307e3\" data-element_type=\"widget\" data-e-type=\"widget\" data-widget_type=\"button.default\">\n\t\t\t\t<div class=\"elementor-widget-container\">\n\t\t\t\t\t<div class=\"elementor-button-wrapper\">\n\t\t\t\t\t<a class=\"elementor-button elementor-button-link elementor-size-sm elementor-animation-grow\" href=\"https:\/\/alphapersonal.cz\/uk\/%d0%ba%d0%be%d0%bd%d1%82%d0%b0%d0%ba%d1%82\/\">\n\t\t\t\t\t\t<span class=\"elementor-button-content-wrapper\">\n\t\t\t\t\t\t<span class=\"elementor-button-icon\">\n\t\t\t\t<svg aria-hidden=\"true\" class=\"e-font-icon-svg e-fas-arrow-right\" viewBox=\"0 0 448 512\" xmlns=\"http:\/\/www.w3.org\/2000\/svg\"><path d=\"M190.5 66.9l22.2-22.2c9.4-9.4 24.6-9.4 33.9 0L441 239c9.4 9.4 9.4 24.6 0 33.9L246.6 467.3c-9.4 9.4-24.6 9.4-33.9 0l-22.2-22.2c-9.5-9.5-9.3-25 .4-34.3L311.4 296H24c-13.3 0-24-10.7-24-24v-32c0-13.3 10.7-24 24-24h287.4L190.9 101.2c-9.8-9.3-10-24.8-.4-34.3z\"><\/path><\/svg>\t\t\t<\/span>\n\t\t\t\t\t\t\t\t\t<span class=\"elementor-button-text\">\u0417\u0432'\u044f\u0436\u0456\u0442\u044c\u0441\u044f \u0437 \u043d\u0430\u043c\u0438<\/span>\n\t\t\t\t\t<\/span>\n\t\t\t\t\t<\/a>\n\t\t\t\t<\/div>\t\t\t\t<\/div>\n\t\t\t\t<\/div>\n\t\t\t\t\t<\/div>\n\t\t\t\t<\/div>\n\t\t<div class=\"elementor-element elementor-element-85e9b84 e-con-full e-flex e-con e-child\" data-id=\"85e9b84\" data-element_type=\"container\" data-e-type=\"container\" data-settings=\"{&quot;jet_parallax_layout_list&quot;:[]}\">\n\t\t\t\t<div class=\"elementor-element elementor-element-158ec51 elementor-widget elementor-widget-image\" data-id=\"158ec51\" data-element_type=\"widget\" data-e-type=\"widget\" data-widget_type=\"image.default\">\n\t\t\t\t<div class=\"elementor-widget-container\">\n\t\t\t\t\t<figure class=\"wp-caption\">\n\t\t\t\t\t\t\t\t\t\t\t<a href=\"https:\/\/alphapersonal.cz\/uk\/%d0%ba%d0%be%d0%bd%d1%82%d0%b0%d0%ba%d1%82\/\">\n\t\t\t\t\t\t\t<img fetchpriority=\"high\" decoding=\"async\" width=\"1500\" height=\"1320\" src=\"https:\/\/alphapersonal.cz\/wp-content\/uploads\/2023\/10\/img-o-nas-2.jpg\" class=\"attachment-full size-full wp-image-2998\" alt=\"\" srcset=\"https:\/\/alphapersonal.cz\/wp-content\/uploads\/2023\/10\/img-o-nas-2.jpg 1500w, https:\/\/alphapersonal.cz\/wp-content\/uploads\/2023\/10\/img-o-nas-2-300x264.jpg 300w, https:\/\/alphapersonal.cz\/wp-content\/uploads\/2023\/10\/img-o-nas-2-1024x901.jpg 1024w, https:\/\/alphapersonal.cz\/wp-content\/uploads\/2023\/10\/img-o-nas-2-768x676.jpg 768w\" sizes=\"(max-width: 1500px) 100vw, 1500px\" \/>\t\t\t\t\t\t\t\t<\/a>\n\t\t\t\t\t\t\t\t\t\t\t<figcaption class=\"widget-image-caption wp-caption-text\"><strong>Michal \u0160ev\u010d\u00edk<\/strong>, \u0417\u0430\u0441\u043d\u043e\u0432\u043d\u0438\u043a<\/figcaption>\n\t\t\t\t\t\t\t\t\t\t<\/figure>\t\t\t\t<\/div>\n\t\t\t\t<\/div>\n\t\t\t\t<\/div>\n\t\t\t\t\t<\/div>\n\t\t\t\t<\/div>\n\t\t<div class=\"elementor-element elementor-element-607b200 e-flex e-con-boxed e-con e-parent\" data-id=\"607b200\" data-element_type=\"container\" data-e-type=\"container\" data-settings=\"{&quot;jet_parallax_layout_list&quot;:[],&quot;background_background&quot;:&quot;classic&quot;}\">\n\t\t\t\t\t<div class=\"e-con-inner\">\n\t\t<div class=\"elementor-element elementor-element-f6e773f e-flex e-con-boxed e-con e-child\" data-id=\"f6e773f\" data-element_type=\"container\" data-e-type=\"container\" data-settings=\"{&quot;jet_parallax_layout_list&quot;:[]}\">\n\t\t\t\t\t<div class=\"e-con-inner\">\n\t\t\t\t<div class=\"elementor-element elementor-element-57c9fb0 elementor-widget elementor-widget-text-editor\" data-id=\"57c9fb0\" data-element_type=\"widget\" data-e-type=\"widget\" data-widget_type=\"text-editor.default\">\n\t\t\t\t<div class=\"elementor-widget-container\">\n\t\t\t\t\t<p><strong>\u041c\u0438 \u0454 \u0430\u043a\u0442\u0438\u0432\u043d\u0438\u043c \u043f\u0430\u0440\u0442\u043d\u0435\u0440\u043e\u043c \u0434\u043b\u044f \u043a\u043e\u043c\u043f\u0430\u043d\u0456\u0439, \u044f\u043a\u0456 \u0448\u0443\u043a\u0430\u044e\u0442\u044c \u044f\u043a\u0456\u0441\u043d\u0438\u0445, \u043a\u0432\u0430\u043b\u0456\u0444\u0456\u043a\u043e\u0432\u0430\u043d\u0438\u0445 \u0456 \u043c\u043e\u0442\u0438\u0432\u043e\u0432\u0430\u043d\u0438\u0445 \u043f\u0440\u0430\u0446\u0456\u0432\u043d\u0438\u043a\u0456\u0432.<\/strong><\/p>\n<p>\u041d\u0430\u0448\u0430 \u0430\u0433\u0435\u043d\u0446\u0456\u044f \u0437 \u043f\u0440\u0430\u0446\u0435\u0432\u043b\u0430\u0448\u0442\u0443\u0432\u0430\u043d\u043d\u044f \u0444\u043e\u043a\u0443\u0441\u0443\u0454\u0442\u044c\u0441\u044f \u043d\u0430 \u0432\u0438\u044f\u0432\u043b\u0435\u043d\u043d\u0456 \u0443\u043d\u0456\u043a\u0430\u043b\u044c\u043d\u0438\u0445 \u0442\u0430\u043b\u0430\u043d\u0442\u0456\u0432 \u0442\u0430 \u0435\u0444\u0435\u043a\u0442\u0438\u0432\u043d\u043e\u043c\u0443 \u043f\u043e\u0454\u0434\u043d\u0430\u043d\u043d\u0456 \u0457\u0445 \u0437 \u043f\u043e\u0442\u0440\u0435\u0431\u0430\u043c\u0438 \u0442\u0430 \u0446\u0456\u043d\u043d\u043e\u0441\u0442\u044f\u043c\u0438 \u043d\u0430\u0448\u0438\u0445 \u043a\u043e\u0440\u043f\u043e\u0440\u0430\u0442\u0438\u0432\u043d\u0438\u0445 \u043a\u043b\u0456\u0454\u043d\u0442\u0456\u0432.<\/p>\n<p>\u0417\u0430\u0432\u0434\u044f\u043a\u0438 \u043d\u0430\u0448\u043e\u043c\u0443 \u0431\u0430\u0433\u0430\u0442\u043e\u0440\u0456\u0447\u043d\u043e\u043c\u0443 \u0434\u043e\u0441\u0432\u0456\u0434\u0443 \u0442\u0430 \u0448\u0438\u0440\u043e\u043a\u0456\u0439 \u043c\u0435\u0440\u0435\u0436\u0456 \u043a\u043e\u043d\u0442\u0430\u043a\u0442\u0456\u0432 \u043c\u0438 \u0434\u043e\u043f\u043e\u043c\u0430\u0433\u0430\u0454\u043c\u043e \u043a\u043e\u043c\u043f\u0430\u043d\u0456\u044f\u043c \u0437\u043d\u0430\u0439\u0442\u0438 \u043d\u0430\u0439\u0431\u0456\u043b\u044c\u0448 \u0432\u0456\u0434\u043f\u043e\u0432\u0456\u0434\u043d\u0438\u0445 \u043f\u0440\u043e\u0444\u0435\u0441\u0456\u043e\u043d\u0430\u043b\u0456\u0432, \u044f\u043a\u0456 \u043f\u0440\u0438\u043d\u0435\u0441\u0443\u0442\u044c \u0440\u0435\u0430\u043b\u044c\u043d\u0443 \u043a\u043e\u0440\u0438\u0441\u0442\u044c \u0456 \u0441\u043f\u0440\u0438\u044f\u0442\u0438\u043c\u0443\u0442\u044c \u0434\u043e\u0432\u0433\u043e\u0441\u0442\u0440\u043e\u043a\u043e\u0432\u043e\u043c\u0443 \u0443\u0441\u043f\u0456\u0445\u0443 \u0457\u0445\u043d\u044c\u043e\u0433\u043e \u0431\u0456\u0437\u043d\u0435\u0441\u0443.<\/p>\n<p><strong>\u0406\u043d\u0432\u0435\u0441\u0442\u0443\u0439\u0442\u0435 \u0443 \u0441\u0432\u043e\u044e \u043a\u043e\u043c\u0430\u043d\u0434\u0443 \u0440\u0430\u0437\u043e\u043c \u0437 \u043d\u0430\u043c\u0438 \u0432\u0436\u0435 \u0441\u044c\u043e\u0433\u043e\u0434\u043d\u0456.<\/strong><\/p>\t\t\t\t<\/div>\n\t\t\t\t<\/div>\n\t\t\t\t<div class=\"elementor-element elementor-element-3a0fbd2 elementor-mobile-align-center elementor-widget elementor-widget-button\" data-id=\"3a0fbd2\" data-element_type=\"widget\" data-e-type=\"widget\" data-widget_type=\"button.default\">\n\t\t\t\t<div class=\"elementor-widget-container\">\n\t\t\t\t\t<div class=\"elementor-button-wrapper\">\n\t\t\t\t\t<a class=\"elementor-button elementor-button-link elementor-size-sm elementor-animation-grow\" href=\"https:\/\/alphapersonal.cz\/uk\/%d0%ba%d0%be%d0%bd%d1%82%d0%b0%d0%ba%d1%82\/\">\n\t\t\t\t\t\t<span class=\"elementor-button-content-wrapper\">\n\t\t\t\t\t\t<span class=\"elementor-button-icon\">\n\t\t\t\t<svg aria-hidden=\"true\" class=\"e-font-icon-svg e-fas-arrow-right\" viewBox=\"0 0 448 512\" xmlns=\"http:\/\/www.w3.org\/2000\/svg\"><path d=\"M190.5 66.9l22.2-22.2c9.4-9.4 24.6-9.4 33.9 0L441 239c9.4 9.4 9.4 24.6 0 33.9L246.6 467.3c-9.4 9.4-24.6 9.4-33.9 0l-22.2-22.2c-9.5-9.5-9.3-25 .4-34.3L311.4 296H24c-13.3 0-24-10.7-24-24v-32c0-13.3 10.7-24 24-24h287.4L190.9 101.2c-9.8-9.3-10-24.8-.4-34.3z\"><\/path><\/svg>\t\t\t<\/span>\n\t\t\t\t\t\t\t\t\t<span class=\"elementor-button-text\">\u0417\u0432'\u044f\u0436\u0456\u0442\u044c\u0441\u044f \u0437 \u043d\u0430\u043c\u0438<\/span>\n\t\t\t\t\t<\/span>\n\t\t\t\t\t<\/a>\n\t\t\t\t<\/div>\t\t\t\t<\/div>\n\t\t\t\t<\/div>\n\t\t\t\t\t<\/div>\n\t\t\t\t<\/div>\n\t\t<div class=\"elementor-element elementor-element-bee81e2 e-con-full e-flex e-con e-child\" data-id=\"bee81e2\" data-element_type=\"container\" data-e-type=\"container\" data-settings=\"{&quot;jet_parallax_layout_list&quot;:[]}\">\n\t\t\t\t<div class=\"elementor-element elementor-element-491d5a1 elementor-widget elementor-widget-image\" data-id=\"491d5a1\" data-element_type=\"widget\" data-e-type=\"widget\" data-widget_type=\"image.default\">\n\t\t\t\t<div class=\"elementor-widget-container\">\n\t\t\t\t\t<a href=\"https:\/\/alphapersonal.cz\/uk\/%d0%ba%d0%be%d0%bd%d1%82%d0%b0%d0%ba%d1%82\/\">\n\t\t\t\t\t\t\t<img decoding=\"async\" width=\"800\" height=\"529\" src=\"https:\/\/alphapersonal.cz\/wp-content\/uploads\/2023\/10\/img-o-nas-2-ua.jpg\" class=\"attachment-large size-large wp-image-3254\" alt=\"\" srcset=\"https:\/\/alphapersonal.cz\/wp-content\/uploads\/2023\/10\/img-o-nas-2-ua.jpg 1000w, https:\/\/alphapersonal.cz\/wp-content\/uploads\/2023\/10\/img-o-nas-2-ua-300x198.jpg 300w, https:\/\/alphapersonal.cz\/wp-content\/uploads\/2023\/10\/img-o-nas-2-ua-768x508.jpg 768w\" sizes=\"(max-width: 800px) 100vw, 800px\" \/>\t\t\t\t\t\t\t\t<\/a>\t\t\t\t<\/div>\n\t\t\t\t<\/div>\n\t\t\t\t<\/div>\n\t\t\t\t\t<\/div>\n\t\t\t\t<\/div>\n\t\t<div class=\"elementor-element elementor-element-e62fbc4 e-flex e-con-boxed e-con e-parent\" data-id=\"e62fbc4\" data-element_type=\"container\" data-e-type=\"container\" data-settings=\"{&quot;jet_parallax_layout_list&quot;:[],&quot;background_background&quot;:&quot;classic&quot;}\">\n\t\t\t\t\t<div class=\"e-con-inner\">\n\t\t<div class=\"elementor-element elementor-element-0537d3d e-con-full e-flex e-con e-child\" data-id=\"0537d3d\" data-element_type=\"container\" data-e-type=\"container\" data-settings=\"{&quot;background_background&quot;:&quot;classic&quot;,&quot;jet_parallax_layout_list&quot;:[]}\">\n\t\t\t\t<div class=\"elementor-element elementor-element-17181fe elementor-widget elementor-widget-heading\" data-id=\"17181fe\" data-element_type=\"widget\" data-e-type=\"widget\" data-widget_type=\"heading.default\">\n\t\t\t\t<div class=\"elementor-widget-container\">\n\t\t\t\t\t<h2 class=\"elementor-heading-title elementor-size-default\">\u041a\u043e\u043c\u043f\u043b\u0435\u043a\u0441\u043d\u0456 \u043a\u0430\u0434\u0440\u043e\u0432\u0456 \u0440\u0456\u0448\u0435\u043d\u043d\u044f<\/h2>\t\t\t\t<\/div>\n\t\t\t\t<\/div>\n\t\t\t\t<div class=\"elementor-element elementor-element-40e4f4a elementor-widget elementor-widget-text-editor\" data-id=\"40e4f4a\" data-element_type=\"widget\" data-e-type=\"widget\" data-widget_type=\"text-editor.default\">\n\t\t\t\t<div class=\"elementor-widget-container\">\n\t\t\t\t\t<p>\u041d\u0430\u0448\u0456 \u043f\u043e\u0441\u043b\u0443\u0433\u0438 \u2013 \u0446\u0435 \u043d\u0435 \u043f\u0440\u043e\u0441\u0442\u043e \u043f\u0456\u0434\u0431\u0456\u0440 \u043f\u0435\u0440\u0441\u043e\u043d\u0430\u043b\u0443, \u0430 \u043f\u043e\u0432\u043d\u0435 \u0443\u043f\u0440\u0430\u0432\u043b\u0456\u043d\u043d\u044f \u043a\u0430\u0434\u0440\u043e\u0432\u0438\u043c \u0446\u0438\u043a\u043b\u043e\u043c, \u0449\u043e \u0437\u0430\u043e\u0449\u0430\u0434\u0436\u0443\u0454 \u0432\u0430\u0448 \u0447\u0430\u0441 \u0456 \u0440\u0435\u0441\u0443\u0440\u0441\u0438.<\/p>\n<p><strong>\u0413\u043d\u0443\u0447\u043a\u0456\u0441\u0442\u044c:<\/strong> \u043c\u0438 \u0440\u0435\u0430\u0433\u0443\u0454\u043c\u043e \u043d\u0430 \u0432\u0430\u0448\u0456 \u0456\u043d\u0434\u0438\u0432\u0456\u0434\u0443\u0430\u043b\u044c\u043d\u0456 \u043f\u043e\u0442\u0440\u0435\u0431\u0438 \u0442\u0430 \u0432\u0438\u043c\u043e\u0433\u0438, \u0449\u043e\u0431 \u043d\u0430\u0434\u0430\u0442\u0438 \u0432\u0430\u043c \u0441\u0430\u043c\u0435 \u0442\u0435, \u0449\u043e \u043f\u043e\u0442\u0440\u0456\u0431\u043d\u043e \u0434\u043b\u044f \u0434\u043e\u0441\u044f\u0433\u043d\u0435\u043d\u043d\u044f \u0432\u0430\u0448\u0438\u0445 \u0446\u0456\u043b\u0435\u0439.<\/p>\n<p><strong>\u042e\u0440\u0438\u0434\u0438\u0447\u043d\u0430 \u0432\u0438\u0437\u043d\u0430\u0447\u0435\u043d\u0456\u0441\u0442\u044c:<\/strong> \u043c\u0438 \u0434\u043e\u0442\u0440\u0438\u043c\u0443\u0454\u043c\u043e\u0441\u044f \u0447\u0438\u043d\u043d\u043e\u0433\u043e \u0437\u0430\u043a\u043e\u043d\u043e\u0434\u0430\u0432\u0441\u0442\u0432\u0430 \u0442\u0430 \u0433\u0430\u0440\u0430\u043d\u0442\u0443\u0454\u043c\u043e, \u0449\u043e \u0432\u0430\u0448\u0435 \u043f\u0440\u0430\u0446\u0435\u0432\u043b\u0430\u0448\u0442\u0443\u0432\u0430\u043d\u043d\u044f \u0432\u0456\u0434\u043f\u043e\u0432\u0456\u0434\u0430\u0442\u0438\u043c\u0435 \u043c\u0456\u0441\u0446\u0435\u0432\u0438\u043c \u0437\u0430\u043a\u043e\u043d\u0430\u043c.<\/p>\n<p><strong>\u041f\u0456\u0434\u0431\u0456\u0440 \u043a\u0432\u0430\u043b\u0456\u0444\u0456\u043a\u043e\u0432\u0430\u043d\u0438\u0445 \u043f\u0440\u0430\u0446\u0456\u0432\u043d\u0438\u043a\u0456\u0432:<\/strong> \u043c\u0438 \u043f\u043e\u043a\u043b\u0430\u0434\u0430\u0454\u043c\u043e\u0441\u044f \u043d\u0430 \u0440\u0435\u0442\u0435\u043b\u044c\u043d\u0438\u0439 \u0432\u0456\u0434\u0431\u0456\u0440 \u043f\u0440\u0430\u0446\u0456\u0432\u043d\u0438\u043a\u0456\u0432, \u0449\u043e\u0431 \u0433\u0430\u0440\u0430\u043d\u0442\u0443\u0432\u0430\u0442\u0438, \u0449\u043e \u0434\u043e \u0432\u0430\u0448\u043e\u0457 \u043a\u043e\u043c\u0430\u043d\u0434\u0438 \u043f\u0440\u0438\u0454\u0434\u043d\u0430\u044e\u0442\u044c\u0441\u044f \u0442\u0456\u043b\u044c\u043a\u0438 \u043d\u0430\u0439\u043a\u0440\u0430\u0449\u0456 \u043b\u044e\u0434\u0438.<br \/>\u041f\u0440\u043e\u0444\u0435\u0441\u0456\u0439\u043d\u0430 \u043f\u0456\u0434\u0442\u0440\u0438\u043c\u043a\u0430: \u043c\u0438 \u043f\u043e\u0440\u0443\u0447 \u0437 \u0432\u0430\u043c\u0438. \u041c\u0438 \u0449\u043e\u0434\u043d\u044f \u043f\u0440\u043e \u0432\u0441\u0435 \u0434\u0431\u0430\u0454\u043c\u043e, \u0449\u043e\u0431 \u0446\u044c\u043e\u0433\u043e \u043d\u0435 \u0434\u043e\u0432\u0435\u043b\u043e\u0441\u044f \u0440\u043e\u0431\u0438\u0442\u0438 \u0432\u0430\u043c.<\/p>\n<p><strong>\u0417\u043e\u0431\u043e\u0432&#8217;\u044f\u0437\u0430\u043d\u043d\u044f \u0449\u043e\u0434\u043e \u044f\u043a\u043e\u0441\u0442\u0456:<\/strong> \u044f\u043a\u0456\u0441\u0442\u044c \u2013 \u0446\u0435 \u043d\u0430\u0448 \u0433\u043e\u043b\u043e\u0432\u043d\u0438\u0439 \u043f\u0440\u0456\u043e\u0440\u0438\u0442\u0435\u0442, \u0442\u043e\u0436 \u043c\u0438 \u043f\u0440\u0430\u0433\u043d\u0435\u043c\u043e \u043f\u0456\u0434\u0442\u0440\u0438\u043c\u0443\u0432\u0430\u0442\u0438 \u0457\u0457 \u0432 \u0443\u0441\u0456\u0445 \u0430\u0441\u043f\u0435\u043a\u0442\u0430\u0445 \u043d\u0430\u0448\u0438\u0445 \u043f\u043e\u0441\u043b\u0443\u0433.<\/p>\t\t\t\t<\/div>\n\t\t\t\t<\/div>\n\t\t\t\t<div class=\"elementor-element elementor-element-0cce86b elementor-align-right elementor-mobile-align-center elementor-widget elementor-widget-button\" data-id=\"0cce86b\" data-element_type=\"widget\" data-e-type=\"widget\" data-widget_type=\"button.default\">\n\t\t\t\t<div class=\"elementor-widget-container\">\n\t\t\t\t\t<div class=\"elementor-button-wrapper\">\n\t\t\t\t\t<a class=\"elementor-button elementor-button-link elementor-size-sm elementor-animation-grow\" href=\"https:\/\/alphapersonal.cz\/uk\/%d0%ba%d0%be%d0%bd%d1%82%d0%b0%d0%ba%d1%82\/\">\n\t\t\t\t\t\t<span class=\"elementor-button-content-wrapper\">\n\t\t\t\t\t\t<span class=\"elementor-button-icon\">\n\t\t\t\t<svg aria-hidden=\"true\" class=\"e-font-icon-svg e-far-envelope\" viewBox=\"0 0 512 512\" xmlns=\"http:\/\/www.w3.org\/2000\/svg\"><path d=\"M464 64H48C21.49 64 0 85.49 0 112v288c0 26.51 21.49 48 48 48h416c26.51 0 48-21.49 48-48V112c0-26.51-21.49-48-48-48zm0 48v40.805c-22.422 18.259-58.168 46.651-134.587 106.49-16.841 13.247-50.201 45.072-73.413 44.701-23.208.375-56.579-31.459-73.413-44.701C106.18 199.465 70.425 171.067 48 152.805V112h416zM48 400V214.398c22.914 18.251 55.409 43.862 104.938 82.646 21.857 17.205 60.134 55.186 103.062 54.955 42.717.231 80.509-37.199 103.053-54.947 49.528-38.783 82.032-64.401 104.947-82.653V400H48z\"><\/path><\/svg>\t\t\t<\/span>\n\t\t\t\t\t\t\t\t\t<span class=\"elementor-button-text\">\u0417\u0432'\u044f\u0436\u0456\u0442\u044c\u0441\u044f \u0437 \u043d\u0430\u043c\u0438<\/span>\n\t\t\t\t\t<\/span>\n\t\t\t\t\t<\/a>\n\t\t\t\t<\/div>\t\t\t\t<\/div>\n\t\t\t\t<\/div>\n\t\t\t\t<\/div>\n\t\t\t\t\t<\/div>\n\t\t\t\t<\/div>\n\t\t\t\t<\/div>","protected":false},"excerpt":{"rendered":"<p>\u041f\u0420\u041e \u041d\u0410\u0421 \u0425\u0442\u043e \u0441\u0442\u043e\u0457\u0442\u044c \u0437\u0430 \u043a\u043e\u043c\u043f\u0430\u043d\u0456\u0454\u044e ALPHA Personal \u041b\u0430\u0441\u043a\u0430\u0432\u043e \u043f\u0440\u043e\u0441\u0438\u043c\u043e \u0434\u043e \u043c\u043e\u043b\u043e\u0434\u043e\u0457 \u0442\u0430 \u0434\u0438\u043d\u0430\u043c\u0456\u0447\u043d\u043e\u0457 \u0430\u0433\u0435\u043d\u0446\u0456\u0457 \u0437 \u043f\u0440\u0430\u0446\u0435\u0432\u043b\u0430\u0448\u0442\u0443\u0432\u0430\u043d\u043d\u044f ALPHA Personal! \u041c\u0438 \u043f\u0440\u0438\u0441\u0442\u0440\u0430\u0441\u043d\u043e \u0442\u0430 \u0435\u043d\u0435\u0440\u0433\u0456\u0439\u043d\u043e \u043f\u0440\u0430\u0446\u044e\u0454\u043c\u043e \u043d\u0430\u0434 \u0442\u0438\u043c, \u0449\u043e\u0431 \u043e\u0431&#8217;\u0454\u0434\u043d\u0430\u0442\u0438 \u0440\u043e\u0431\u043e\u0442\u043e\u0434\u0430\u0432\u0446\u0456\u0432 \u0437 \u043d\u0430\u0439\u043a\u0440\u0430\u0449\u0438\u043c\u0438 \u043f\u0440\u0430\u0446\u0456\u0432\u043d\u0438\u043a\u0430\u043c\u0438. \u041d\u0430\u0448\u0438\u043c \u043f\u0440\u0456\u043e\u0440\u0438\u0442\u0435\u0442\u043e\u043c \u0454 \u043f\u043e\u0432\u043d\u0435 \u0440\u043e\u0437\u0443\u043c\u0456\u043d\u043d\u044f \u043f\u043e\u0442\u0440\u0435\u0431 \u044f\u043a \u043a\u043b\u0456\u0454\u043d\u0442\u0456\u0432, \u0442\u0430\u043a \u0456 \u043f\u0440\u0430\u0446\u0456\u0432\u043d\u0438\u043a\u0456\u0432, \u0449\u043e\u0431 \u0437\u0430\u0431\u0435\u0437\u043f\u0435\u0447\u0438\u0442\u0438 \u0432\u0456\u0434\u043c\u0456\u043d\u043d\u0456 \u0443\u043c\u043e\u0432\u0438 \u043f\u0440\u0430\u0446\u0456 \u0442\u0430 \u043f\u0440\u043e\u0434\u0443\u043a\u0442\u0438\u0432\u043d\u0456\u0441\u0442\u044c \u0434\u043b\u044f \u043e\u0431\u043e\u0445 \u0441\u0442\u043e\u0440\u0456\u043d. \u041c\u0438 \u043f\u0440\u0430\u0446\u044e\u0454\u043c\u043e [&hellip;]<\/p>\n","protected":false},"author":3,"featured_media":0,"parent":0,"menu_order":0,"comment_status":"closed","ping_status":"closed","template":"","meta":{"footnotes":""},"class_list":["post-3216","page","type-page","status-publish","hentry"],"_links":{"self":[{"href":"https:\/\/alphapersonal.cz\/uk\/wp-json\/wp\/v2\/pages\/3216","targetHints":{"allow":["GET"]}}],"collection":[{"href":"https:\/\/alphapersonal.cz\/uk\/wp-json\/wp\/v2\/pages"}],"about":[{"href":"https:\/\/alphapersonal.cz\/uk\/wp-json\/wp\/v2\/types\/page"}],"author":[{"embeddable":true,"href":"https:\/\/alphapersonal.cz\/uk\/wp-json\/wp\/v2\/users\/3"}],"replies":[{"embeddable":true,"href":"https:\/\/alphapersonal.cz\/uk\/wp-json\/wp\/v2\/comments?post=3216"}],"version-history":[{"count":0,"href":"https:\/\/alphapersonal.cz\/uk\/wp-json\/wp\/v2\/pages\/3216\/revisions"}],"wp:attachment":[{"href":"https:\/\/alphapersonal.cz\/uk\/wp-json\/wp\/v2\/media?parent=3216"}],"curies":[{"name":"wp","href":"https:\/\/api.w.org\/{rel}","templated":true}]}}